{"id":20,"date":"2019-05-21T18:14:55","date_gmt":"2019-05-21T18:14:55","guid":{"rendered":"http:\/\/shk-hinweise.de\/?page_id=20"},"modified":"2020-05-01T15:10:37","modified_gmt":"2020-05-01T15:10:37","slug":"startseite","status":"publish","type":"page","link":"https:\/\/susanne-mittag.de\/","title":{"rendered":"Startseite"},"content":{"rendered":"<p><img loading=\"lazy\" width=\"1015\" height=\"280\" src=\"https:\/\/shk-hinweise.de\/wp-content\/uploads\/2020\/04\/Susanne-Job-1-29x8-1.jpg\" alt=\"\" srcset=\"https:\/\/shk-hinweise.de\/wp-content\/uploads\/2020\/04\/Susanne-Job-1-29x8-1.jpg 1015w, https:\/\/shk-hinweise.de\/wp-content\/uploads\/2020\/04\/Susanne-Job-1-29x8-1-300x83.jpg 300w, https:\/\/shk-hinweise.de\/wp-content\/uploads\/2020\/04\/Susanne-Job-1-29x8-1-768x212.jpg 768w, https:\/\/shk-hinweise.de\/wp-content\/uploads\/2020\/04\/Susanne-Job-1-29x8-1-800x221.jpg 800w\" sizes=\"(max-width: 1015px) 100vw, 1015px\" \/>\t\t\t\t\t\t\t\t\t\t\t<\/p>\n<h1>Herzlich willkommen!<\/h1>\n<p>Hier k\u00f6nnen Sie sich schnell und umfassend \u00fcber ihre B\u00fcrgermeisterin informieren.<\/p>\n<p>Unter den verschiedenen Rubriken erfahren Sie<\/p>\n<ul>\n<li>was mir <a href=\"https:\/\/shk-hinweise.de\/?page_id=25\" target=\"_blank\" rel=\"noopener noreferrer\">wichtig<\/a> ist,<\/li>\n<li>welche <a href=\"https:\/\/shk-hinweise.de\/?page_id=40\" target=\"_blank\" rel=\"noopener noreferrer\">Qualifikationen<\/a> ich f\u00fcr das Amt der B\u00fcrgermeisterin mitbringe,<\/li>\n<li>woran ich zusammen mit der Verwaltung, Politik und B\u00fcrgerschaft <a href=\"https:\/\/shk-hinweise.de\/?page_id=475\" target=\"_blank\" rel=\"noopener noreferrer\">in den vergangenen Jahren gearbeitet habe<\/a> und<\/li>\n<li>wo ich die wichtigsten <a href=\"https:\/\/shk-hinweise.de\/?page_id=499\" target=\"_blank\" rel=\"noopener noreferrer\">Handlungsfelder in Zukunft<\/a> f\u00fcr unsere Gemeinde sehe.<\/li>\n<\/ul>\n<p>Im September 2020 werde ich erneut als ihre B\u00fcrgermeisterin kandidieren. Motiviert dazu haben mich die vielen engagierten Menschen in unserer Gemeinde. Es ist eine Freude mit ihnen zusammen zu arbeiten, neue Ideen zu entwickeln und Projekte umzusetzen.<\/p>\n<p>Ihre Susanne Mittag<\/p>\n","protected":false},"excerpt":{"rendered":"<p>Herzlich willkommen! Hier k\u00f6nnen Sie sich schnell und umfassend \u00fcber ihre B\u00fcrgermeisterin informieren. Unter den verschiedenen Rubriken erfahren Sie was mir wichtig ist, welche Qualifikationen ich f\u00fcr das Amt der B\u00fcrgermeisterin mitbringe, woran ich zusammen mit der Verwaltung, Politik und B\u00fcrgerschaft in den vergangenen Jahren gearbeitet habe und wo ich die wichtigsten Handlungsfelder in Zukunft f\u00fcr unsere Gemeinde sehe. Im<\/p>\n<p><a class=\"more-link\" href=\"https:\/\/susanne-mittag.de\/\">Weiterlesen<\/a><\/p>\n","protected":false},"author":1,"featured_media":0,"parent":0,"menu_order":0,"comment_status":"closed","ping_status":"closed","template":"","meta":[],"_links":{"self":[{"href":"https:\/\/susanne-mittag.de\/index.php?rest_route=\/wp\/v2\/pages\/20"}],"collection":[{"href":"https:\/\/susanne-mittag.de\/index.php?rest_route=\/wp\/v2\/pages"}],"about":[{"href":"https:\/\/susanne-mittag.de\/index.php?rest_route=\/wp\/v2\/types\/page"}],"author":[{"embeddable":true,"href":"https:\/\/susanne-mittag.de\/index.php?rest_route=\/wp\/v2\/users\/1"}],"replies":[{"embeddable":true,"href":"https:\/\/susanne-mittag.de\/index.php?rest_route=%2Fwp%2Fv2%2Fcomments&post=20"}],"version-history":[{"count":15,"href":"https:\/\/susanne-mittag.de\/index.php?rest_route=\/wp\/v2\/pages\/20\/revisions"}],"predecessor-version":[{"id":594,"href":"https:\/\/susanne-mittag.de\/index.php?rest_route=\/wp\/v2\/pages\/20\/revisions\/594"}],"wp:attachment":[{"href":"https:\/\/susanne-mittag.de\/index.php?rest_route=%2Fwp%2Fv2%2Fmedia&parent=20"}],"curies":[{"name":"wp","href":"https:\/\/api.w.org\/{rel}","templated":true}]}}